{"id":1332,"date":"2024-11-23T12:50:33","date_gmt":"2024-11-23T12:50:33","guid":{"rendered":"https:\/\/x-montage.de\/?page_id=1332"},"modified":"2025-12-30T17:13:32","modified_gmt":"2025-12-30T17:13:32","slug":"kontakt","status":"publish","type":"page","link":"https:\/\/x-montage.de\/bs\/kontakt\/","title":{"rendered":"Kontakt"},"content":{"rendered":"<div data-elementor-type=\"wp-page\" data-elementor-id=\"1332\" class=\"elementor elementor-1332\" data-elementor-post-type=\"page\">\n\t\t\t\t<div class=\"elementor-element elementor-element-f790b63 e-con-full e-flex e-con e-child\" data-id=\"f790b63\" data-element_type=\"container\" data-settings=\"{&quot;background_background&quot;:&quot;classic&quot;}\">\n\t\t<div class=\"elementor-element elementor-element-6e96aeb e-con-full e-flex e-con e-child\" data-id=\"6e96aeb\" data-element_type=\"container\">\n\t\t<div class=\"elementor-element elementor-element-b987b9a e-con-full e-flex e-con e-child\" data-id=\"b987b9a\" data-element_type=\"container\">\n\t\t\t\t<div class=\"elementor-element elementor-element-e53be0b elementor-icon-list--layout-inline elementor-list-item-link-full_width elementor-widget elementor-widget-icon-list\" data-id=\"e53be0b\" data-element_type=\"widget\" data-widget_type=\"icon-list.default\">\n\t\t\t\t<div class=\"elementor-widget-container\">\n\t\t\t\t\t\t\t<ul class=\"elementor-icon-list-items elementor-inline-items\">\n\t\t\t\t\t\t\t<li class=\"elementor-icon-list-item elementor-inline-item\">\n\t\t\t\t\t\t\t\t\t\t\t<a href=\"https:\/\/x-montage.de\/bs\/startseite\/\">\n\n\t\t\t\t\t\t\t\t\t\t\t<span class=\"elementor-icon-list-text\">Startseite<\/span>\n\t\t\t\t\t\t\t\t\t\t\t<\/a>\n\t\t\t\t\t\t\t\t\t<\/li>\n\t\t\t\t\t\t\t\t<li class=\"elementor-icon-list-item elementor-inline-item\">\n\t\t\t\t\t\t\t\t\t\t\t<a href=\"https:\/\/x-montage.de\/bs\">\n\n\t\t\t\t\t\t\t\t\t\t\t<span class=\"elementor-icon-list-text\">\/<\/span>\n\t\t\t\t\t\t\t\t\t\t\t<\/a>\n\t\t\t\t\t\t\t\t\t<\/li>\n\t\t\t\t\t\t\t\t<li class=\"elementor-icon-list-item elementor-inline-item\">\n\t\t\t\t\t\t\t\t\t\t\t<a href=\"https:\/\/x-montage.de\/bs\/kontakt\/\">\n\n\t\t\t\t\t\t\t\t\t\t\t<span class=\"elementor-icon-list-text\"><\/span>\n\t\t\t\t\t\t\t\t\t\t\t<\/a>\n\t\t\t\t\t\t\t\t\t<\/li>\n\t\t\t\t\t\t<\/ul>\n\t\t\t\t\t\t<\/div>\n\t\t\t\t<\/div>\n\t\t\t\t<\/div>\n\t\t\t\t<\/div>\n\t\t\t\t<\/div>\n\t\t<div class=\"elementor-element elementor-element-b5248ed e-con-full e-flex e-con e-parent\" data-id=\"b5248ed\" data-element_type=\"container\">\n\t\t<div class=\"elementor-element elementor-element-f53110f e-con-full e-flex e-con e-child\" data-id=\"f53110f\" data-element_type=\"container\" data-settings=\"{&quot;background_background&quot;:&quot;classic&quot;}\">\n\t\t<div class=\"elementor-element elementor-element-84e5418 e-con-full animated-slow e-flex elementor-invisible e-con e-child\" data-id=\"84e5418\" data-element_type=\"container\" data-settings=\"{&quot;animation&quot;:&quot;fadeInDown&quot;}\">\n\t\t\t\t<div class=\"elementor-element elementor-element-0cc238f elementor-view-stacked elementor-tablet-position-block-start elementor-shape-circle elementor-position-block-start elementor-mobile-position-block-start elementor-widget elementor-widget-icon-box\" data-id=\"0cc238f\" data-element_type=\"widget\" data-widget_type=\"icon-box.default\">\n\t\t\t\t<div class=\"elementor-widget-container\">\n\t\t\t\t\t\t\t<div class=\"elementor-icon-box-wrapper\">\n\n\t\t\t\t\t\t<div class=\"elementor-icon-box-icon\">\n\t\t\t\t<a href=\"https:\/\/maps.app.goo.gl\/E3fwN5592RHToxPD8\" target=\"_blank\" class=\"elementor-icon\" tabindex=\"-1\" aria-label=\"Adresse\">\n\t\t\t\t<svg xmlns=\"http:\/\/www.w3.org\/2000\/svg\" id=\"Layer_1\" height=\"512\" viewbox=\"0 0 48 48\" width=\"512\" data-name=\"Layer 1\"><path d=\"m24 10.652a9.771 9.771 0 0 0 -9.76683 9.76675c0 3.30175 1.45962 6.66858 3.24475 9.50917a39.47441 39.47441 0 0 0 5.85737 7.15963.97867.97867 0 0 0 1.32942 0 39.47519 39.47519 0 0 0 5.85729-7.15955c1.78517-2.84059 3.24479-6.20742 3.24479-9.50917a9.771 9.771 0 0 0 -9.76679-9.76683zm0 1.95337a7.81543 7.81543 0 0 1 7.81346 7.81338c0 2.949-1.35385 5.9361-2.94367 8.47a37.87765 37.87765 0 0 1 -4.86979 6.11251 37.882 37.882 0 0 1 -4.86988-6.11245c-1.58977-2.53392-2.94358-5.521-2.94358-8.47a7.81543 7.81543 0 0 1 7.81346-7.8134zm0 2.27891a4.63921 4.63921 0 1 0 4.63921 4.63921 4.64064 4.64064 0 0 0 -4.63921-4.63917zm0 1.95336a2.68585 2.68585 0 1 1 -2.68589 2.68585 2.68856 2.68856 0 0 1 2.68589-2.68581zm0 30.16236a23 23 0 1 1 23-23 23.02619 23.02619 0 0 1 -23 23zm0-44a21 21 0 1 0 21 21 21.02359 21.02359 0 0 0 -21-21z\" fill-rule=\"evenodd\"><\/path><\/svg>\t\t\t\t<\/a>\n\t\t\t<\/div>\n\t\t\t\n\t\t\t\t\t\t<div class=\"elementor-icon-box-content\">\n\n\t\t\t\t\t\t\t\t\t<h3 class=\"elementor-icon-box-title\">\n\t\t\t\t\t\t<a href=\"https:\/\/maps.app.goo.gl\/E3fwN5592RHToxPD8\" target=\"_blank\" >\n\t\t\t\t\t\t\tAdresse\t\t\t\t\t\t<\/a>\n\t\t\t\t\t<\/h3>\n\t\t\t\t\n\t\t\t\t\t\t\t\t\t<p class=\"elementor-icon-box-description\">\n\t\t\t\t\t\tTheodor-Francke-Str. 1, 12099 Berlin\t\t\t\t\t<\/p>\n\t\t\t\t\n\t\t\t<\/div>\n\t\t\t\n\t\t<\/div>\n\t\t\t\t\t\t<\/div>\n\t\t\t\t<\/div>\n\t\t\t\t<\/div>\n\t\t<div class=\"elementor-element elementor-element-b6328c7 e-con-full animated-slow e-flex elementor-invisible e-con e-child\" data-id=\"b6328c7\" data-element_type=\"container\" data-settings=\"{&quot;animation&quot;:&quot;fadeInDown&quot;}\">\n\t\t\t\t<div class=\"elementor-element elementor-element-c7c1ecf elementor-view-stacked elementor-tablet-position-block-start elementor-shape-circle elementor-position-block-start elementor-mobile-position-block-start elementor-widget elementor-widget-icon-box\" data-id=\"c7c1ecf\" data-element_type=\"widget\" data-widget_type=\"icon-box.default\">\n\t\t\t\t<div class=\"elementor-widget-container\">\n\t\t\t\t\t\t\t<div class=\"elementor-icon-box-wrapper\">\n\n\t\t\t\t\t\t<div class=\"elementor-icon-box-icon\">\n\t\t\t\t<a href=\"tel:+491605006005\" target=\"_blank\" class=\"elementor-icon\" tabindex=\"-1\" aria-label=\"Telefon\">\n\t\t\t\t<svg xmlns=\"http:\/\/www.w3.org\/2000\/svg\" id=\"Layer_1\" height=\"512\" viewbox=\"0 0 512 512\" width=\"512\"><path d=\"m256 0c-141.159 0-256 114.841-256 256s114.841 256 256 256 256-114.841 256-256-114.841-256-256-256zm0 488c-127.925 0-232-104.075-232-232s104.075-232 232-232 232 104.075 232 232-104.075 232-232 232zm133.886-185.435c-.001 0-.001 0 0 0l-47.029-27.152c-7.201-4.157-15.604-5.259-23.659-3.101s-14.782 7.313-18.939 14.515c-2.412 4.179-6.637 9.436-13.064 10.75-5.862 1.199-11.037.036-15.821-3.554-17.674-13.264-40.13-35.72-53.396-53.396-3.59-4.784-4.753-9.96-3.554-15.82 1.314-6.429 6.571-10.653 10.75-13.065 14.891-8.599 20.011-27.708 11.414-42.599l-27.152-47.03c-7.777-13.468-23.929-19.117-38.402-13.434l-.563.221c-22.474 8.823-38.908 15.594-45.704 22.39-12.345 12.346-24.849 35.319-14.308 74.658 20.473 76.409 119.184 175.12 195.593 195.594 10.375 2.78 19.611 3.957 27.815 3.957 22.903 0 37.755-9.175 46.845-18.265 6.795-6.795 13.564-23.226 22.386-45.694l.225-.572c5.681-14.475.031-30.626-13.437-38.403zm-8.906 29.631-.225.573c-4.256 10.84-13.111 33.396-17.017 37.494-11.455 11.456-28.774 14.179-51.477 8.097-68.463-18.345-160.279-110.161-178.623-178.624-6.083-22.701-3.359-40.021 8.085-51.464 4.111-3.918 26.673-12.775 37.515-17.031l.564-.222c.899-.354 1.815-.522 2.711-.522 2.479 0 4.798 1.302 6.135 3.617l27.152 47.029c1.98 3.431.801 7.833-2.629 9.813-11.936 6.891-19.842 17.205-22.263 29.042-2.58 12.618.142 24.732 7.872 35.034 14.689 19.573 38.616 43.5 58.187 58.186 10.3 7.73 22.415 10.452 35.034 7.872 11.837-2.421 22.151-10.328 29.042-22.264.952-1.649 2.502-2.833 4.366-3.332 1.862-.498 3.797-.25 5.448.703l47.028 27.152c3.153 1.822 4.426 5.46 3.095 8.847z\"><\/path><\/svg>\t\t\t\t<\/a>\n\t\t\t<\/div>\n\t\t\t\n\t\t\t\t\t\t<div class=\"elementor-icon-box-content\">\n\n\t\t\t\t\t\t\t\t\t<h3 class=\"elementor-icon-box-title\">\n\t\t\t\t\t\t<a href=\"tel:+491605006005\" target=\"_blank\" >\n\t\t\t\t\t\t\tTelefon\t\t\t\t\t\t<\/a>\n\t\t\t\t\t<\/h3>\n\t\t\t\t\n\t\t\t\t\t\t\t\t\t<p class=\"elementor-icon-box-description\">\n\t\t\t\t\t\t+49 160 500 600 5 (Deutschland)<br>\n+387 60 31 88 486 (Bosnien und Herzegowina)\t\t\t\t\t<\/p>\n\t\t\t\t\n\t\t\t<\/div>\n\t\t\t\n\t\t<\/div>\n\t\t\t\t\t\t<\/div>\n\t\t\t\t<\/div>\n\t\t\t\t<\/div>\n\t\t<div class=\"elementor-element elementor-element-4093826 e-con-full animated-slow e-flex elementor-invisible e-con e-child\" data-id=\"4093826\" data-element_type=\"container\" data-settings=\"{&quot;animation&quot;:&quot;fadeInDown&quot;}\">\n\t\t\t\t<div class=\"elementor-element elementor-element-812b8a0 elementor-view-stacked elementor-tablet-position-block-start elementor-shape-circle elementor-position-block-start elementor-mobile-position-block-start elementor-widget elementor-widget-icon-box\" data-id=\"812b8a0\" data-element_type=\"widget\" data-widget_type=\"icon-box.default\">\n\t\t\t\t<div class=\"elementor-widget-container\">\n\t\t\t\t\t\t\t<div class=\"elementor-icon-box-wrapper\">\n\n\t\t\t\t\t\t<div class=\"elementor-icon-box-icon\">\n\t\t\t\t<a href=\"mailto:info@x-montage.de\" target=\"_blank\" class=\"elementor-icon\" tabindex=\"-1\" aria-label=\"Email\">\n\t\t\t\t<svg xmlns=\"http:\/\/www.w3.org\/2000\/svg\" id=\"Layer_1\" height=\"512\" viewbox=\"0 0 512 512\" width=\"512\"><path d=\"m256 0c-141.159 0-256 114.841-256 256s114.841 256 256 256 256-114.841 256-256-114.841-256-256-256zm0 488c-127.925 0-232-104.075-232-232s104.075-232 232-232 232 104.075 232 232-104.075 232-232 232zm120.312-337.5h-240.625c-16.094 0-29.188 13.094-29.188 29.188v152.625c0 16.094 13.093 29.188 29.188 29.188h240.625c16.094 0 29.188-13.094 29.188-29.188v-152.625c0-16.094-13.094-29.188-29.188-29.188zm-18.089 24-102.223 81.177-102.224-81.177zm18.089 163h-240.625c-2.86 0-5.188-2.327-5.188-5.188v-145.65l118.038 93.735c2.185 1.735 4.824 2.603 7.462 2.603s5.278-.867 7.462-2.603l118.039-93.735v145.65c0 2.861-2.328 5.188-5.188 5.188z\"><\/path><\/svg>\t\t\t\t<\/a>\n\t\t\t<\/div>\n\t\t\t\n\t\t\t\t\t\t<div class=\"elementor-icon-box-content\">\n\n\t\t\t\t\t\t\t\t\t<h3 class=\"elementor-icon-box-title\">\n\t\t\t\t\t\t<a href=\"mailto:info@x-montage.de\" target=\"_blank\" >\n\t\t\t\t\t\t\tEmail\t\t\t\t\t\t<\/a>\n\t\t\t\t\t<\/h3>\n\t\t\t\t\n\t\t\t\t\t\t\t\t\t<p class=\"elementor-icon-box-description\">\n\t\t\t\t\t\tinfo@x-montage.de\t\t\t\t\t<\/p>\n\t\t\t\t\n\t\t\t<\/div>\n\t\t\t\n\t\t<\/div>\n\t\t\t\t\t\t<\/div>\n\t\t\t\t<\/div>\n\t\t\t\t<\/div>\n\t\t\t\t<\/div>\n\t\t<div class=\"elementor-element elementor-element-e100404 e-con-full e-flex e-con e-child\" data-id=\"e100404\" data-element_type=\"container\">\n\t\t\t\t<div class=\"elementor-element elementor-element-accb659 elementor-widget elementor-widget-google_maps\" data-id=\"accb659\" data-element_type=\"widget\" data-widget_type=\"google_maps.default\">\n\t\t\t\t<div class=\"elementor-widget-container\">\n\t\t\t\t\t\t\t<div class=\"elementor-custom-embed\">\n\t\t\t<iframe loading=\"lazy\"\n\t\t\t\t\tsrc=\"https:\/\/www.google.com\/maps\/embed\/v1\/place?key=AIzaSyA67LTp1j47E38TfXGZnohrufMaNSTsuGI&#038;q=Theodor-Francke-Str.%201%2C%2012099%20Berlin&#038;zoom=11\"\n\t\t\t\t\ttitle=\"Theodor-Francke-Str. 1, 12099 Berlin\"\n\t\t\t\t\taria-label=\"Theodor-Francke-Str. 1, 12099 Berlin\"\n\t\t\t><\/iframe>\n\t\t<\/div>\n\t\t\t\t\t\t<\/div>\n\t\t\t\t<\/div>\n\t\t\t\t<\/div>\n\t\t<div class=\"elementor-element elementor-element-ca701d0 e-con-full e-flex e-con e-child\" data-id=\"ca701d0\" data-element_type=\"container\">\n\t\t<div class=\"elementor-element elementor-element-8b11f7d e-con-full e-flex e-con e-child\" data-id=\"8b11f7d\" data-element_type=\"container\">\n\t\t\t\t<div class=\"elementor-element elementor-element-c241070 animated-slow elementor-widget elementor-widget-heading\" data-id=\"c241070\" data-element_type=\"widget\" data-settings=\"{&quot;_animation&quot;:&quot;none&quot;}\" data-widget_type=\"heading.default\">\n\t\t\t\t<div class=\"elementor-widget-container\">\n\t\t\t\t\t<h2 class=\"elementor-heading-title elementor-size-default\">KONTAKTIEREN SIE UNS\n<\/h2>\t\t\t\t<\/div>\n\t\t\t\t<\/div>\n\t\t\t\t<div class=\"elementor-element elementor-element-175f94b animated-slow elementor-widget elementor-widget-heading\" data-id=\"175f94b\" data-element_type=\"widget\" data-settings=\"{&quot;_animation&quot;:&quot;none&quot;,&quot;_animation_delay&quot;:100}\" data-widget_type=\"heading.default\">\n\t\t\t\t<div class=\"elementor-widget-container\">\n\t\t\t\t\t<h2 class=\"elementor-heading-title elementor-size-default\">F\u00fchlen Sie sich frei,\nuns zu kontaktieren!<\/h2>\t\t\t\t<\/div>\n\t\t\t\t<\/div>\n\t\t\t\t<div class=\"elementor-element elementor-element-c4f00a2 animated-slow elementor-widget elementor-widget-text-editor\" data-id=\"c4f00a2\" data-element_type=\"widget\" data-settings=\"{&quot;_animation&quot;:&quot;none&quot;,&quot;_animation_delay&quot;:200}\" data-widget_type=\"text-editor.default\">\n\t\t\t\t<div class=\"elementor-widget-container\">\n\t\t\t\t\t\t\t\t\t<p>Planen Sie eine Dach- oder Hallenverkleidung mit Trapezblech oder eine Photovoltaik-Anlage (PV) als Komplettsystem? Senden Sie uns Ihre Anfrage \u2013 Sie erhalten schnell eine klare R\u00fcckmeldung mit Beratung, einem groben Angebot und der passenden L\u00f6sung f\u00fcr Ihr Objekt.<\/p><p>F\u00fcr ein genaues Angebot helfen uns: Standort, Ma\u00dfe (oder ungef\u00e4hre Fl\u00e4che), Dach-\/Hallentyp sowie Fotos oder ein Plan, falls vorhanden.<br \/>Neben unseren Hauptleistungen unterst\u00fctzen wir Sie bei Bedarf auch mit Zusatzleistungen (Montage, Transport, Pflege, Projektunterst\u00fctzung).<\/p>\t\t\t\t\t\t\t\t<\/div>\n\t\t\t\t<\/div>\n\t\t\t\t<div class=\"elementor-element elementor-element-b176f15 e-grid-align-left e-grid-align-tablet-left animated-slow elementor-shape-rounded elementor-grid-0 elementor-widget elementor-widget-social-icons\" data-id=\"b176f15\" data-element_type=\"widget\" data-settings=\"{&quot;_animation&quot;:&quot;none&quot;,&quot;_animation_delay&quot;:400}\" data-widget_type=\"social-icons.default\">\n\t\t\t\t<div class=\"elementor-widget-container\">\n\t\t\t\t\t\t\t<div class=\"elementor-social-icons-wrapper elementor-grid\" role=\"list\">\n\t\t\t\t\t\t\t<span class=\"elementor-grid-item\" role=\"listitem\">\n\t\t\t\t\t<a class=\"elementor-icon elementor-social-icon elementor-social-icon-facebook elementor-repeater-item-b68714a\" href=\"https:\/\/www.facebook.com\/XMontageee\" target=\"_blank\">\n\t\t\t\t\t\t<span class=\"elementor-screen-only\">Facebook<\/span>\n\t\t\t\t\t\t<svg aria-hidden=\"true\" class=\"e-font-icon-svg e-fab-facebook\" viewbox=\"0 0 512 512\" xmlns=\"http:\/\/www.w3.org\/2000\/svg\"><path d=\"M504 256C504 119 393 8 256 8S8 119 8 256c0 123.78 90.69 226.38 209.25 245V327.69h-63V256h63v-54.64c0-62.15 37-96.48 93.67-96.48 27.14 0 55.52 4.84 55.52 4.84v61h-31.28c-30.8 0-40.41 19.12-40.41 38.73V256h68.78l-11 71.69h-57.78V501C413.31 482.38 504 379.78 504 256z\"><\/path><\/svg>\t\t\t\t\t<\/a>\n\t\t\t\t<\/span>\n\t\t\t\t\t\t\t<span class=\"elementor-grid-item\" role=\"listitem\">\n\t\t\t\t\t<a class=\"elementor-icon elementor-social-icon elementor-social-icon-x-twitter elementor-repeater-item-44ed375\" href=\"https:\/\/x.com\/XMontageee\" target=\"_blank\">\n\t\t\t\t\t\t<span class=\"elementor-screen-only\">X-twitter<\/span>\n\t\t\t\t\t\t<svg aria-hidden=\"true\" class=\"e-font-icon-svg e-fab-x-twitter\" viewbox=\"0 0 512 512\" xmlns=\"http:\/\/www.w3.org\/2000\/svg\"><path d=\"M389.2 48h70.6L305.6 224.2 487 464H345L233.7 318.6 106.5 464H35.8L200.7 275.5 26.8 48H172.4L272.9 180.9 389.2 48zM364.4 421.8h39.1L151.1 88h-42L364.4 421.8z\"><\/path><\/svg>\t\t\t\t\t<\/a>\n\t\t\t\t<\/span>\n\t\t\t\t\t\t\t<span class=\"elementor-grid-item\" role=\"listitem\">\n\t\t\t\t\t<a class=\"elementor-icon elementor-social-icon elementor-social-icon-linkedin elementor-repeater-item-27cf7f8\" href=\"https:\/\/www.linkedin.com\/company\/xmontageee\" target=\"_blank\">\n\t\t\t\t\t\t<span class=\"elementor-screen-only\">Linkedin<\/span>\n\t\t\t\t\t\t<svg aria-hidden=\"true\" class=\"e-font-icon-svg e-fab-linkedin\" viewbox=\"0 0 448 512\" xmlns=\"http:\/\/www.w3.org\/2000\/svg\"><path d=\"M416 32H31.9C14.3 32 0 46.5 0 64.3v383.4C0 465.5 14.3 480 31.9 480H416c17.6 0 32-14.5 32-32.3V64.3c0-17.8-14.4-32.3-32-32.3zM135.4 416H69V202.2h66.5V416zm-33.2-243c-21.3 0-38.5-17.3-38.5-38.5S80.9 96 102.2 96c21.2 0 38.5 17.3 38.5 38.5 0 21.3-17.2 38.5-38.5 38.5zm282.1 243h-66.4V312c0-24.8-.5-56.7-34.5-56.7-34.6 0-39.9 27-39.9 54.9V416h-66.4V202.2h63.7v29.2h.9c8.9-16.8 30.6-34.5 62.9-34.5 67.2 0 79.7 44.3 79.7 101.9V416z\"><\/path><\/svg>\t\t\t\t\t<\/a>\n\t\t\t\t<\/span>\n\t\t\t\t\t<\/div>\n\t\t\t\t\t\t<\/div>\n\t\t\t\t<\/div>\n\t\t\t\t<\/div>\n\t\t<div class=\"elementor-element elementor-element-56053d1 e-con-full e-flex elementor-invisible e-con e-child\" data-id=\"56053d1\" data-element_type=\"container\" data-settings=\"{&quot;background_background&quot;:&quot;classic&quot;,&quot;animation&quot;:&quot;fadeIn&quot;}\">\n\t\t\t\t<div class=\"elementor-element elementor-element-839bf19 elementor-button-align-start elementor-mobile-button-align-stretch elementor-widget elementor-widget-form\" data-id=\"839bf19\" data-element_type=\"widget\" data-settings=\"{&quot;step_next_label&quot;:&quot;Next&quot;,&quot;step_previous_label&quot;:&quot;Previous&quot;,&quot;button_width&quot;:&quot;100&quot;,&quot;step_type&quot;:&quot;number_text&quot;,&quot;step_icon_shape&quot;:&quot;circle&quot;}\" data-widget_type=\"form.default\">\n\t\t\t\t<div class=\"elementor-widget-container\">\n\t\t\t\t\t\t\t<form class=\"elementor-form\" method=\"post\" name=\"New Form\" aria-label=\"New Form\" action=\"\">\n\t\t\t<input type=\"hidden\" name=\"post_id\" value=\"1332\"\/>\n\t\t\t<input type=\"hidden\" name=\"form_id\" value=\"839bf19\"\/>\n\t\t\t<input type=\"hidden\" name=\"referer_title\" value=\"Kontakt\" \/>\n\n\t\t\t\t\t\t\t<input type=\"hidden\" name=\"queried_id\" value=\"1332\"\/>\n\t\t\t\n\t\t\t<div class=\"elementor-form-fields-wrapper elementor-labels-\">\n\t\t\t\t\t\t\t\t<div class=\"elementor-field-type-text elementor-field-group elementor-column elementor-field-group-name elementor-col-50\">\n\t\t\t\t\t\t\t\t\t\t\t\t<label for=\"form-field-name\" class=\"elementor-field-label elementor-screen-only\">\n\t\t\t\t\t\t\t\tYour Name\t\t\t\t\t\t\t<\/label>\n\t\t\t\t\t\t\t\t\t\t\t\t\t\t<input size=\"1\" type=\"text\" name=\"form_fields[name]\" id=\"form-field-name\" class=\"elementor-field elementor-size-sm  elementor-field-textual\" placeholder=\" Ihr Name\">\n\t\t\t\t\t\t\t\t\t\t\t<\/div>\n\t\t\t\t\t\t\t\t<div class=\"elementor-field-type-email elementor-field-group elementor-column elementor-field-group-email elementor-col-50 elementor-field-required\">\n\t\t\t\t\t\t\t\t\t\t\t\t<label for=\"form-field-email\" class=\"elementor-field-label elementor-screen-only\">\n\t\t\t\t\t\t\t\tEmail Address\t\t\t\t\t\t\t<\/label>\n\t\t\t\t\t\t\t\t\t\t\t\t\t\t<input size=\"1\" type=\"email\" name=\"form_fields[email]\" id=\"form-field-email\" class=\"elementor-field elementor-size-sm  elementor-field-textual\" placeholder=\"E-Mail-Adresse\" required=\"required\">\n\t\t\t\t\t\t\t\t\t\t\t<\/div>\n\t\t\t\t\t\t\t\t<div class=\"elementor-field-type-text elementor-field-group elementor-column elementor-field-group-field_03dfc28 elementor-col-50 elementor-field-required\">\n\t\t\t\t\t\t\t\t\t\t\t\t<label for=\"form-field-field_03dfc28\" class=\"elementor-field-label elementor-screen-only\">\n\t\t\t\t\t\t\t\tPhone Number\t\t\t\t\t\t\t<\/label>\n\t\t\t\t\t\t\t\t\t\t\t\t\t\t<input size=\"1\" type=\"text\" name=\"form_fields[field_03dfc28]\" id=\"form-field-field_03dfc28\" class=\"elementor-field elementor-size-sm  elementor-field-textual\" placeholder=\"Telefonnummer\" required=\"required\">\n\t\t\t\t\t\t\t\t\t\t\t<\/div>\n\t\t\t\t\t\t\t\t<div class=\"elementor-field-type-text elementor-field-group elementor-column elementor-field-group-field_50282f5 elementor-col-50 elementor-field-required\">\n\t\t\t\t\t\t\t\t\t\t\t\t<label for=\"form-field-field_50282f5\" class=\"elementor-field-label elementor-screen-only\">\n\t\t\t\t\t\t\t\tSubject\t\t\t\t\t\t\t<\/label>\n\t\t\t\t\t\t\t\t\t\t\t\t\t\t<input size=\"1\" type=\"text\" name=\"form_fields[field_50282f5]\" id=\"form-field-field_50282f5\" class=\"elementor-field elementor-size-sm  elementor-field-textual\" placeholder=\"Betreff\" required=\"required\">\n\t\t\t\t\t\t\t\t\t\t\t<\/div>\n\t\t\t\t\t\t\t\t<div class=\"elementor-field-type-textarea elementor-field-group elementor-column elementor-field-group-message elementor-col-100\">\n\t\t\t\t\t\t\t\t\t\t\t\t<label for=\"form-field-message\" class=\"elementor-field-label elementor-screen-only\">\n\t\t\t\t\t\t\t\tWrite Message\t\t\t\t\t\t\t<\/label>\n\t\t\t\t\t\t<textarea class=\"elementor-field-textual elementor-field  elementor-size-sm\" name=\"form_fields[message]\" id=\"form-field-message\" rows=\"4\" placeholder=\"Nachricht schreiben\"><\/textarea>\t\t\t\t<\/div>\n\t\t\t\t\t\t\t\t<div class=\"elementor-field-group elementor-column elementor-field-type-submit elementor-col-100 e-form__buttons\">\n\t\t\t\t\t<button class=\"elementor-button elementor-size-lg\" type=\"submit\">\n\t\t\t\t\t\t<span class=\"elementor-button-content-wrapper\">\n\t\t\t\t\t\t\t\t\t\t\t\t\t\t\t\t\t\t\t\t\t\t<span class=\"elementor-button-text\"> Jetzt absenden<\/span>\n\t\t\t\t\t\t\t\t\t\t\t\t\t<\/span>\n\t\t\t\t\t<\/button>\n\t\t\t\t<\/div>\n\t\t\t<\/div>\n\t\t<input type=\"hidden\" name=\"trp-form-language\" value=\"bs\"\/><\/form>\n\t\t\t\t\t\t<\/div>\n\t\t\t\t<\/div>\n\t\t\t\t<\/div>\n\t\t\t\t<\/div>\n\t\t\t\t<\/div>\n\t\t\t\t<\/div>","protected":false},"excerpt":{"rendered":"<p>Startseite \/ Adresse Theodor-Francke-Str. 1, 12099 Berlin Telefon +49 160 500 600 5 (Deutschland) +387 60 31 88 486 (Bosnien und Herzegowina) Email info@x-montage.de KONTAKTIEREN SIE UNS F\u00fchlen Sie sich frei, uns zu kontaktieren! Planen Sie eine Dach- oder Hallenverkleidung mit Trapezblech oder eine Photovoltaik-Anlage (PV) als Komplettsystem? Senden Sie uns Ihre Anfrage \u2013 Sie [&hellip;]<\/p>","protected":false},"author":1,"featured_media":0,"parent":0,"menu_order":0,"comment_status":"closed","ping_status":"closed","template":"","meta":{"_acf_changed":false,"footnotes":""},"class_list":["post-1332","page","type-page","status-publish","hentry"],"acf":[],"_links":{"self":[{"href":"https:\/\/x-montage.de\/bs\/wp-json\/wp\/v2\/pages\/1332","targetHints":{"allow":["GET"]}}],"collection":[{"href":"https:\/\/x-montage.de\/bs\/wp-json\/wp\/v2\/pages"}],"about":[{"href":"https:\/\/x-montage.de\/bs\/wp-json\/wp\/v2\/types\/page"}],"author":[{"embeddable":true,"href":"https:\/\/x-montage.de\/bs\/wp-json\/wp\/v2\/users\/1"}],"replies":[{"embeddable":true,"href":"https:\/\/x-montage.de\/bs\/wp-json\/wp\/v2\/comments?post=1332"}],"version-history":[{"count":39,"href":"https:\/\/x-montage.de\/bs\/wp-json\/wp\/v2\/pages\/1332\/revisions"}],"predecessor-version":[{"id":1940,"href":"https:\/\/x-montage.de\/bs\/wp-json\/wp\/v2\/pages\/1332\/revisions\/1940"}],"wp:attachment":[{"href":"https:\/\/x-montage.de\/bs\/wp-json\/wp\/v2\/media?parent=1332"}],"curies":[{"name":"wp","href":"https:\/\/api.w.org\/{rel}","templated":true}]}}