{"id":1718,"date":"2025-12-30T05:44:23","date_gmt":"2025-12-30T05:44:23","guid":{"rendered":"https:\/\/x-montage.de\/?page_id=1718"},"modified":"2025-12-30T16:23:03","modified_gmt":"2025-12-30T16:23:03","slug":"cookies","status":"publish","type":"page","link":"https:\/\/x-montage.de\/bs\/cookies\/","title":{"rendered":"Cookies"},"content":{"rendered":"<div data-elementor-type=\"wp-page\" data-elementor-id=\"1718\" class=\"elementor elementor-1718\" data-elementor-post-type=\"page\">\n\t\t\t\t<div class=\"elementor-element elementor-element-4aa5a0e e-con-full e-flex e-con e-parent\" data-id=\"4aa5a0e\" data-element_type=\"container\" data-settings=\"{&quot;background_background&quot;:&quot;classic&quot;}\">\n\t\t<div class=\"elementor-element elementor-element-d5edf5a e-con-full e-flex e-con e-child\" data-id=\"d5edf5a\" data-element_type=\"container\" data-settings=\"{&quot;background_background&quot;:&quot;classic&quot;}\">\n\t\t<div class=\"elementor-element elementor-element-cf54e2a e-con-full e-flex e-con e-child\" data-id=\"cf54e2a\" data-element_type=\"container\">\n\t\t\t\t<div class=\"elementor-element elementor-element-8487a93 elementor-widget elementor-widget-heading\" data-id=\"8487a93\" data-element_type=\"widget\" data-widget_type=\"heading.default\">\n\t\t\t\t<div class=\"elementor-widget-container\">\n\t\t\t\t\t<h2 class=\"elementor-heading-title elementor-size-default\">Cookie-Richtlinie (f\u00fcr x-montage.de)<\/h2>\t\t\t\t<\/div>\n\t\t\t\t<\/div>\n\t\t\t\t<div class=\"elementor-element elementor-element-fc40456 elementor-widget elementor-widget-text-editor\" data-id=\"fc40456\" data-element_type=\"widget\" data-widget_type=\"text-editor.default\">\n\t\t\t\t<div class=\"elementor-widget-container\">\n\t\t\t\t\t\t\t\t\t<p data-start=\"240\" data-end=\"261\"><strong data-start=\"240\" data-end=\"250\">Stand:<\/strong> 30.06.2025<\/p><p data-start=\"263\" data-end=\"419\">Diese Cookie-Richtlinie erkl\u00e4rt, welche Cookies und \u00e4hnlichen Technologien wir auf dieser Website verwenden und wie Sie Ihre Einstellungen verwalten k\u00f6nnen.<\/p>\t\t\t\t\t\t\t\t<\/div>\n\t\t\t\t<\/div>\n\t\t\t\t<div class=\"elementor-element elementor-element-ed39032 elementor-widget elementor-widget-text-editor\" data-id=\"ed39032\" data-element_type=\"widget\" data-widget_type=\"text-editor.default\">\n\t\t\t\t<div class=\"elementor-widget-container\">\n\t\t\t\t\t\t\t\t\t<h3 data-start=\"421\" data-end=\"444\">1) Verantwortlicher<\/h3><p data-start=\"445\" data-end=\"637\"><strong data-start=\"445\" data-end=\"458\">X-Montage<\/strong><br data-start=\"458\" data-end=\"461\" \/>Theodor-Francke-Str. 1, 12099 Berlin, Deutschland<br data-start=\"509\" data-end=\"512\" \/>Telefon: +49 160 500 600 5 (Deutschland)<br data-start=\"552\" data-end=\"555\" \/>Telefon: +387 60 31 88 486 (Bosnien und Herzegowina)<br data-start=\"607\" data-end=\"610\" \/>E-Mail: <a class=\"decorated-link cursor-pointer\" rel=\"noopener\" data-start=\"618\" data-end=\"635\">info@x-montage.de<\/a><\/p><h3 data-start=\"639\" data-end=\"663\">2) Was sind Cookies?<\/h3><p data-start=\"664\" data-end=\"964\">Cookies sind kleine Textdateien, die auf Ihrem Endger\u00e4t gespeichert werden. Zus\u00e4tzlich k\u00f6nnen \u00e4hnliche Technologien eingesetzt werden (z. B. Local Storage, Pixel, Tags), um Funktionen bereitzustellen oder \u2013 nach Einwilligung \u2013 Reichweite und Marketing zu messen. <span class=\"\" data-state=\"closed\"><span class=\"ms-1 inline-flex max-w-full items-center relative top-[-0.094rem] animate-[show_150ms_ease-in]\" data-testid=\"webpage-citation-pill\"><a class=\"flex h-4.5 overflow-hidden rounded-xl px-2 text-[9px] font-medium transition-colors duration-150 ease-in-out text-token-text-secondary! bg-[#F4F4F4]! dark:bg-[#303030]!\" href=\"https:\/\/gdpr.eu\/cookies\/?utm_source=chatgpt.com\" target=\"_blank\" rel=\"noopener\"><span class=\"relative start-0 bottom-0 flex h-full w-full items-center\"><span class=\"flex h-4 w-full items-center justify-between overflow-hidden\"><span class=\"max-w-[15ch] grow truncate overflow-hidden text-center\">GDPR.eu<\/span><\/span><\/span><\/a><\/span><\/span><\/p><h3 data-start=\"966\" data-end=\"1006\">3) Welche Cookie-Kategorien gibt es?<\/h3><p data-start=\"1007\" data-end=\"1058\">Wir unterscheiden insbesondere folgende Kategorien:<\/p><p data-start=\"1060\" data-end=\"1392\"><strong data-start=\"1060\" data-end=\"1085\">a) Notwendige Cookies<\/strong><br data-start=\"1085\" data-end=\"1088\" \/>Diese sind erforderlich, damit die Website technisch funktioniert (z. B. Sicherheit, Formularfunktionen, Speicherung Ihrer Cookie-Auswahl). Daf\u00fcr ist keine gesonderte Einwilligung n\u00f6tig, soweit sie f\u00fcr den ausdr\u00fccklich gew\u00fcnschten Dienst unbedingt erforderlich sind. <span class=\"\" data-state=\"closed\"><span class=\"ms-1 inline-flex max-w-full items-center relative top-[-0.094rem] animate-[show_150ms_ease-in]\" data-testid=\"webpage-citation-pill\"><a class=\"flex h-4.5 overflow-hidden rounded-xl px-2 text-[9px] font-medium transition-colors duration-150 ease-in-out text-token-text-secondary! bg-[#F4F4F4]! dark:bg-[#303030]!\" href=\"https:\/\/resourcehub.bakermckenzie.com\/en\/resources\/global-data-and-cyber-handbook\/emea\/germany\/topics\/cookies-online-tracking-and-direct-marketing?utm_source=chatgpt.com\" target=\"_blank\" rel=\"noopener\"><span class=\"relative start-0 bottom-0 flex h-full w-full items-center\"><span class=\"flex h-4 w-full items-center justify-between overflow-hidden\"><span class=\"max-w-[15ch] grow truncate overflow-hidden text-center\">Baker McKenzie Resource Hub<\/span><\/span><\/span><\/a><\/span><\/span><\/p><p data-start=\"1394\" data-end=\"1527\"><strong data-start=\"1394\" data-end=\"1420\">b) Funktionale Cookies<\/strong><br data-start=\"1420\" data-end=\"1423\" \/>Erm\u00f6glichen Komfort-Funktionen (z. B. Einstellungen, Sprache). Diese setzen wir nur, wenn Sie zustimmen.<\/p><p data-start=\"1529\" data-end=\"1748\"><strong data-start=\"1529\" data-end=\"1553\">c) Statistik\/Analyse<\/strong><br data-start=\"1553\" data-end=\"1556\" \/>Hilft uns zu verstehen, wie die Website genutzt wird (z. B. Seitenaufrufe, Interaktionen), um Inhalte und Performance zu verbessern. Nur mit Einwilligung. <span class=\"\" data-state=\"closed\"><span class=\"ms-1 inline-flex max-w-full items-center relative top-[-0.094rem] animate-[show_150ms_ease-in]\" data-testid=\"webpage-citation-pill\"><a class=\"flex h-4.5 overflow-hidden rounded-xl px-2 text-[9px] font-medium transition-colors duration-150 ease-in-out text-token-text-secondary! bg-[#F4F4F4]! dark:bg-[#303030]!\" href=\"https:\/\/resourcehub.bakermckenzie.com\/en\/resources\/global-data-and-cyber-handbook\/emea\/germany\/topics\/cookies-online-tracking-and-direct-marketing?utm_source=chatgpt.com\" target=\"_blank\" rel=\"noopener\"><span class=\"relative start-0 bottom-0 flex h-full w-full items-center\"><span class=\"flex h-4 w-full items-center justify-between\"><span class=\"max-w-[15ch] grow truncate overflow-hidden text-center\">Baker McKenzie Resource Hub<\/span><span class=\"-me-1 flex h-full items-center rounded-full px-1 text-[#8F8F8F]\">+1<\/span><\/span><\/span><\/a><\/span><\/span><\/p><p data-start=\"1750\" data-end=\"1899\"><strong data-start=\"1750\" data-end=\"1775\">d) Marketing\/Tracking<\/strong><br data-start=\"1775\" data-end=\"1778\" \/>Dient der Kampagnenmessung und ggf. personalisierten Werbung. Nur mit Einwilligung. <span class=\"\" data-state=\"closed\"><span class=\"ms-1 inline-flex max-w-full items-center relative top-[-0.094rem] animate-[show_150ms_ease-in]\" data-testid=\"webpage-citation-pill\"><a class=\"flex h-4.5 overflow-hidden rounded-xl px-2 text-[9px] font-medium transition-colors duration-150 ease-in-out text-token-text-secondary! bg-[#F4F4F4]! dark:bg-[#303030]!\" href=\"https:\/\/resourcehub.bakermckenzie.com\/en\/resources\/global-data-and-cyber-handbook\/emea\/germany\/topics\/cookies-online-tracking-and-direct-marketing?utm_source=chatgpt.com\" target=\"_blank\" rel=\"noopener\"><span class=\"relative start-0 bottom-0 flex h-full w-full items-center\"><span class=\"flex h-4 w-full items-center justify-between\"><span class=\"max-w-[15ch] grow truncate overflow-hidden text-center\">Baker McKenzie Resource Hub<\/span><span class=\"-me-1 flex h-full items-center rounded-full px-1 text-[#8F8F8F]\">+1<\/span><\/span><\/span><\/a><\/span><\/span><\/p><h3 data-start=\"1901\" data-end=\"1924\">4) Rechtsgrundlagen<\/h3><ul data-start=\"1925\" data-end=\"2436\"><li data-start=\"1925\" data-end=\"2038\"><p data-start=\"1927\" data-end=\"2038\"><strong data-start=\"1927\" data-end=\"1943\">Einwilligung<\/strong>: Art. 6 Abs. 1 lit. a DSGVO (z. B. Analyse\/Marketing). <span class=\"\" data-state=\"closed\"><span class=\"ms-1 inline-flex max-w-full items-center relative top-[-0.094rem] animate-[show_150ms_ease-in]\" data-testid=\"webpage-citation-pill\"><a class=\"flex h-4.5 overflow-hidden rounded-xl px-2 text-[9px] font-medium transition-colors duration-150 ease-in-out text-token-text-secondary! bg-[#F4F4F4]! dark:bg-[#303030]!\" href=\"https:\/\/www.nufam.de\/en\/data-protection\/?utm_source=chatgpt.com\" target=\"_blank\" rel=\"noopener\"><span class=\"relative start-0 bottom-0 flex h-full w-full items-center\"><span class=\"flex h-4 w-full items-center justify-between overflow-hidden\"><span class=\"max-w-[15ch] grow truncate overflow-hidden text-center\">Nufam<\/span><\/span><\/span><\/a><\/span><\/span><\/p><\/li><li data-start=\"2039\" data-end=\"2247\"><p data-start=\"2041\" data-end=\"2247\"><strong data-start=\"2041\" data-end=\"2080\">Speicherung\/Auslesen auf Endger\u00e4ten<\/strong>: In Deutschland zus\u00e4tzlich nach <strong data-start=\"2113\" data-end=\"2134\">\u00a7 25 Abs. 1 TDDDG<\/strong> grunds\u00e4tzlich nur mit Einwilligung, sofern nicht unbedingt erforderlich. <span class=\"\" data-state=\"closed\"><span class=\"ms-1 inline-flex max-w-full items-center relative top-[-0.094rem] animate-[show_150ms_ease-in]\" data-testid=\"webpage-citation-pill\"><a class=\"flex h-4.5 overflow-hidden rounded-xl px-2 text-[9px] font-medium transition-colors duration-150 ease-in-out text-token-text-secondary! bg-[#F4F4F4]! dark:bg-[#303030]!\" href=\"https:\/\/resourcehub.bakermckenzie.com\/en\/resources\/global-data-and-cyber-handbook\/emea\/germany\/topics\/cookies-online-tracking-and-direct-marketing?utm_source=chatgpt.com\" target=\"_blank\" rel=\"noopener\"><span class=\"relative start-0 bottom-0 flex h-full w-full items-center\"><span class=\"flex h-4 w-full items-center justify-between\"><span class=\"max-w-[15ch] grow truncate overflow-hidden text-center\">Baker McKenzie Resource Hub<\/span><span class=\"-me-1 flex h-full items-center rounded-full px-1 text-[#8F8F8F]\">+1<\/span><\/span><\/span><\/a><\/span><\/span><\/p><\/li><li data-start=\"2248\" data-end=\"2436\"><p data-start=\"2250\" data-end=\"2436\"><strong data-start=\"2250\" data-end=\"2308\">Berechtigtes Interesse \/ technisch notwendiger Betrieb<\/strong> (falls anwendbar): Art. 6 Abs. 1 lit. f DSGVO (z. B. Sicherheit, stabile Bereitstellung). <span class=\"\" data-state=\"closed\"><span class=\"ms-1 inline-flex max-w-full items-center relative top-[-0.094rem] animate-[show_150ms_ease-in]\" data-testid=\"webpage-citation-pill\"><a class=\"flex h-4.5 overflow-hidden rounded-xl px-2 text-[9px] font-medium transition-colors duration-150 ease-in-out text-token-text-secondary! bg-[#F4F4F4]! dark:bg-[#303030]!\" href=\"https:\/\/en.cubemos.com\/datenschutz?utm_source=chatgpt.com\" target=\"_blank\" rel=\"noopener\"><span class=\"relative start-0 bottom-0 flex h-full w-full items-center\"><span class=\"flex h-4 w-full items-center justify-between overflow-hidden\"><span class=\"max-w-[15ch] grow truncate overflow-hidden text-center\">Cubemos<\/span><\/span><\/span><\/a><\/span><\/span><\/p><\/li><\/ul><h3 data-start=\"2438\" data-end=\"2479\">5) Cookie-Einstellungen (CookieAdmin)<\/h3><p data-start=\"2480\" data-end=\"2701\">Wir nutzen <strong data-start=\"2491\" data-end=\"2506\">CookieAdmin<\/strong> als Consent-Tool. Damit k\u00f6nnen Sie beim ersten Besuch ausw\u00e4hlen, welche Cookies Sie zulassen. Ihre Einwilligung k\u00f6nnen Sie jederzeit \u00e4ndern oder widerrufen. <span class=\"\" data-state=\"closed\"><span class=\"ms-1 inline-flex max-w-full items-center relative top-[-0.094rem] animate-[show_150ms_ease-in]\" data-testid=\"webpage-citation-pill\"><a class=\"flex h-4.5 overflow-hidden rounded-xl px-2 text-[9px] font-medium transition-colors duration-150 ease-in-out text-token-text-secondary! bg-[#F4F4F4]! dark:bg-[#303030]!\" href=\"https:\/\/wordpress.org\/plugins\/cookieadmin\/?utm_source=chatgpt.com\" target=\"_blank\" rel=\"noopener\"><span class=\"relative start-0 bottom-0 flex h-full w-full items-center\"><span class=\"flex h-4 w-full items-center justify-between\"><span class=\"max-w-[15ch] grow truncate overflow-hidden text-center\">WordPress.org<\/span><span class=\"-me-1 flex h-full items-center rounded-full px-1 text-[#8F8F8F]\">+1<\/span><\/span><\/span><\/a><\/span><\/span><\/p><p data-start=\"2703\" data-end=\"2845\"><strong data-start=\"2703\" data-end=\"2735\">Cookie-Einstellungen \u00f6ffnen:<\/strong><br data-start=\"2735\" data-end=\"2738\" \/>\u2013 Link\/Button in den Footer setzen: <strong data-start=\"2774\" data-end=\"2800\">\u201eCookie-Einstellungen\u201c<\/strong> (\u00f6ffnet die Consent-Ansicht von CookieAdmin)<\/p><h3 data-start=\"2847\" data-end=\"2867\">6) Speicherdauer<\/h3><p data-start=\"2868\" data-end=\"3077\">Cookies werden entweder <strong data-start=\"2892\" data-end=\"2927\">nur f\u00fcr die Dauer einer Sitzung<\/strong> gespeichert (Session-Cookies) oder f\u00fcr einen definierten Zeitraum (persistente Cookies). Die konkrete Laufzeit sehen Sie in den Cookie-Einstellungen.<\/p><h3 data-start=\"3079\" data-end=\"3119\">7) Drittanbieter &amp; Daten\u00fcbermittlung<\/h3><p data-start=\"3120\" data-end=\"3403\">Sofern Dienste von Drittanbietern (z. B. Analyse\/Marketing) eingesetzt werden, kann eine Verarbeitung durch diese Anbieter erfolgen. Falls Daten in L\u00e4nder au\u00dferhalb der EU\/des EWR \u00fcbertragen werden, informieren wir dar\u00fcber in den Cookie-Einstellungen und in der Datenschutzerkl\u00e4rung.<\/p><h3 data-start=\"3405\" data-end=\"3429\">8) Cookies im Detail<\/h3><p data-start=\"3430\" data-end=\"3567\">Die detaillierte Liste (Name, Anbieter, Zweck, Laufzeit, Kategorie) wird \u00fcber das Consent-Tool in den <strong data-start=\"3532\" data-end=\"3556\">Cookie-Einstellungen<\/strong> angezeigt.<\/p><h3 data-start=\"3569\" data-end=\"3583\">9) Kontakt<\/h3><p data-start=\"3584\" data-end=\"3666\">Bei Fragen zu Cookies und Datenschutz:<br data-start=\"3622\" data-end=\"3625\" \/><strong data-start=\"3625\" data-end=\"3646\"><a class=\"decorated-link cursor-pointer\" rel=\"noopener\" data-start=\"3627\" data-end=\"3644\">info@x-montage.de<\/a><\/strong> | +49 160 500 600 5<\/p>\t\t\t\t\t\t\t\t<\/div>\n\t\t\t\t<\/div>\n\t\t\t\t<\/div>\n\t\t\t\t<\/div>\n\t\t\t\t<\/div>\n\t\t\t\t<\/div>","protected":false},"excerpt":{"rendered":"<p>Startseite \/ Cookie-Richtlinie (f\u00fcr x-montage.de) Stand: 30.06.2025 Diese Cookie-Richtlinie erkl\u00e4rt, welche Cookies und \u00e4hnlichen Technologien wir auf dieser Website verwenden und wie Sie Ihre Einstellungen verwalten k\u00f6nnen. 1) Verantwortlicher X-MontageTheodor-Francke-Str. 1, 12099 Berlin, DeutschlandTelefon: +49 160 500 600 5 (Deutschland)Telefon: +387 60 31 88 486 (Bosnien und Herzegowina)E-Mail: info@x-montage.de 2) Was sind Cookies? Cookies sind [&hellip;]<\/p>","protected":false},"author":1,"featured_media":1721,"parent":0,"menu_order":0,"comment_status":"closed","ping_status":"closed","template":"elementor_header_footer","meta":{"_acf_changed":false,"footnotes":""},"class_list":["post-1718","page","type-page","status-publish","has-post-thumbnail","hentry"],"acf":[],"_links":{"self":[{"href":"https:\/\/x-montage.de\/bs\/wp-json\/wp\/v2\/pages\/1718","targetHints":{"allow":["GET"]}}],"collection":[{"href":"https:\/\/x-montage.de\/bs\/wp-json\/wp\/v2\/pages"}],"about":[{"href":"https:\/\/x-montage.de\/bs\/wp-json\/wp\/v2\/types\/page"}],"author":[{"embeddable":true,"href":"https:\/\/x-montage.de\/bs\/wp-json\/wp\/v2\/users\/1"}],"replies":[{"embeddable":true,"href":"https:\/\/x-montage.de\/bs\/wp-json\/wp\/v2\/comments?post=1718"}],"version-history":[{"count":7,"href":"https:\/\/x-montage.de\/bs\/wp-json\/wp\/v2\/pages\/1718\/revisions"}],"predecessor-version":[{"id":1910,"href":"https:\/\/x-montage.de\/bs\/wp-json\/wp\/v2\/pages\/1718\/revisions\/1910"}],"wp:featuredmedia":[{"embeddable":true,"href":"https:\/\/x-montage.de\/bs\/wp-json\/wp\/v2\/media\/1721"}],"wp:attachment":[{"href":"https:\/\/x-montage.de\/bs\/wp-json\/wp\/v2\/media?parent=1718"}],"curies":[{"name":"wp","href":"https:\/\/api.w.org\/{rel}","templated":true}]}}