{"id":1536,"date":"2024-11-24T00:53:12","date_gmt":"2024-11-24T00:53:12","guid":{"rendered":"https:\/\/x-montage.de\/?page_id=1536"},"modified":"2025-12-30T16:34:17","modified_gmt":"2025-12-30T16:34:17","slug":"impressum","status":"publish","type":"page","link":"https:\/\/x-montage.de\/en\/impressum\/","title":{"rendered":"Impressum"},"content":{"rendered":"<div data-elementor-type=\"wp-page\" data-elementor-id=\"1536\" class=\"elementor elementor-1536\" data-elementor-post-type=\"page\">\n\t\t\t\t<div class=\"elementor-element elementor-element-892c264 e-con-full e-flex e-con e-parent\" data-id=\"892c264\" data-element_type=\"container\" data-settings=\"{&quot;background_background&quot;:&quot;classic&quot;}\">\n\t\t<div class=\"elementor-element elementor-element-d77b843 e-con-full e-flex e-con e-child\" data-id=\"d77b843\" data-element_type=\"container\" data-settings=\"{&quot;background_background&quot;:&quot;classic&quot;}\">\n\t\t<div class=\"elementor-element elementor-element-b1fc4bd e-con-full e-flex e-con e-child\" data-id=\"b1fc4bd\" data-element_type=\"container\">\n\t\t\t\t<div class=\"elementor-element elementor-element-1a507cf elementor-widget elementor-widget-heading\" data-id=\"1a507cf\" data-element_type=\"widget\" data-widget_type=\"heading.default\">\n\t\t\t\t<div class=\"elementor-widget-container\">\n\t\t\t\t\t<h2 class=\"elementor-heading-title elementor-size-default\">Impressum<\/h2>\t\t\t\t<\/div>\n\t\t\t\t<\/div>\n\t\t\t\t<div class=\"elementor-element elementor-element-b3a1163 elementor-widget elementor-widget-text-editor\" data-id=\"b3a1163\" data-element_type=\"widget\" data-widget_type=\"text-editor.default\">\n\t\t\t\t<div class=\"elementor-widget-container\">\n\t\t\t\t\t\t\t\t\t<p><strong>X &#8211; Montage GmbH&nbsp;<br><\/strong>Theodor-Francke-Str. 1, 12099 Berlin, Deutschland<\/p>\n<p>Mail: info@x-montage.de<a href=\"mailto:info@moveline-solutions.de\"><br><\/a>Tel: +49 160 500 600 5<br>Web: <a href=\"https:\/\/x-montage.de\/en\/\">https:\/\/x-montage.de<\/a><\/p>\n<p>Handelsregister:&nbsp;&nbsp;<br>Steuernummer:&nbsp;<br>Ust.- IdNr: DE456959974<br>Str: 29\/601\/32114<br>Hrb Berlin: 277402<br>Gesch\u00e4ftsf\u00fchrer: Zuchora, Kamil<\/p>\n<p>Sofern Sie der Erhebung, Verarbeitung oder Nutzung Ihrer Daten durch uns nach Ma\u00dfgabe dieser Datenschutzbestimmungen insgesamt oder f\u00fcr einzelne Ma\u00dfnahmen widersprechen wollen, k\u00f6nnen Sie Ihren Widerspruch an den Verantwortlichen richten. Sie k\u00f6nnen diese Datenschutzerkl\u00e4rung jederzeit speichern und ausdrucken.<\/p>\t\t\t\t\t\t\t\t<\/div>\n\t\t\t\t<\/div>\n\t\t\t\t<\/div>\n\t\t\t\t<\/div>\n\t\t\t\t<\/div>\n\t\t\t\t<\/div>","protected":false},"excerpt":{"rendered":"<p>Startseite \/ Impressum X &#8211; Montage GmbH&nbsp;Theodor-Francke-Str. 1, 12099 Berlin, Deutschland Mail: info@x-montage.deTel: +49 160 500 600 5Web: https:\/\/x-montage.de Handelsregister:&nbsp;&nbsp;Steuernummer:&nbsp;Ust.- IdNr: DE456959974Str: 29\/601\/32114Hrb Berlin: 277402Gesch\u00e4ftsf\u00fchrer: Zuchora, Kamil Sofern Sie der Erhebung, Verarbeitung oder Nutzung Ihrer Daten durch uns nach Ma\u00dfgabe dieser Datenschutzbestimmungen insgesamt oder f\u00fcr einzelne Ma\u00dfnahmen widersprechen wollen, k\u00f6nnen Sie Ihren Widerspruch an den [&hellip;]<\/p>","protected":false},"author":1,"featured_media":31,"parent":0,"menu_order":0,"comment_status":"closed","ping_status":"closed","template":"elementor_header_footer","meta":{"_acf_changed":false,"footnotes":""},"class_list":["post-1536","page","type-page","status-publish","has-post-thumbnail","hentry"],"acf":[],"_links":{"self":[{"href":"https:\/\/x-montage.de\/en\/wp-json\/wp\/v2\/pages\/1536","targetHints":{"allow":["GET"]}}],"collection":[{"href":"https:\/\/x-montage.de\/en\/wp-json\/wp\/v2\/pages"}],"about":[{"href":"https:\/\/x-montage.de\/en\/wp-json\/wp\/v2\/types\/page"}],"author":[{"embeddable":true,"href":"https:\/\/x-montage.de\/en\/wp-json\/wp\/v2\/users\/1"}],"replies":[{"embeddable":true,"href":"https:\/\/x-montage.de\/en\/wp-json\/wp\/v2\/comments?post=1536"}],"version-history":[{"count":52,"href":"https:\/\/x-montage.de\/en\/wp-json\/wp\/v2\/pages\/1536\/revisions"}],"predecessor-version":[{"id":1937,"href":"https:\/\/x-montage.de\/en\/wp-json\/wp\/v2\/pages\/1536\/revisions\/1937"}],"wp:featuredmedia":[{"embeddable":true,"href":"https:\/\/x-montage.de\/en\/wp-json\/wp\/v2\/media\/31"}],"wp:attachment":[{"href":"https:\/\/x-montage.de\/en\/wp-json\/wp\/v2\/media?parent=1536"}],"curies":[{"name":"wp","href":"https:\/\/api.w.org\/{rel}","templated":true}]}}